{"id":15250,"date":"2015-05-14T15:04:43","date_gmt":"2015-05-14T15:04:43","guid":{"rendered":"http:\/\/demo.qodeinteractive.com\/bridge115\/?page_id=15250"},"modified":"2022-03-12T09:13:44","modified_gmt":"2022-03-12T08:13:44","slug":"home","status":"publish","type":"page","link":"https:\/\/www.smartembed.io\/","title":{"rendered":"Home"},"content":{"rendered":"<p>[vc_row row_type=\u00a0\u00bbrow\u00a0\u00bb use_row_as_full_screen_section=\u00a0\u00bbno\u00a0\u00bb type=\u00a0\u00bbfull_width\u00a0\u00bb anchor=\u00a0\u00bbaccueil\u00a0\u00bb angled_section=\u00a0\u00bbno\u00a0\u00bb text_align=\u00a0\u00bbcenter\u00a0\u00bb background_image_as_pattern=\u00a0\u00bbwithout_pattern\u00a0\u00bb background_color=\u00a0\u00bb#ffffff\u00a0\u00bb padding_top=\u00a0\u00bb140&Prime; padding_bottom=\u00a0\u00bb100&Prime; css_animation=\u00a0\u00bb\u00a0\u00bb el_id=\u00a0\u00bbaccueil\u00a0\u00bb][vc_column offset=\u00a0\u00bbvc_col-lg-offset-3 vc_col-lg-6 vc_col-md-offset-3 vc_col-md-6 vc_col-sm-offset-3 vc_col-xs-offset-2 vc_col-xs-8&Prime;][vc_column_text]<\/p>\n<h3><span style=\"color: #0099cc;\">B<\/span><span style=\"color: #333333;\">ienvenue<\/span><\/h3>\n<p>[\/vc_column_text][vc_separator type=\u00a0\u00bbtransparent\u00a0\u00bb up=\u00a0\u00bb25&Prime; down=\u00a0\u00bb0&Prime;][vc_column_text]<\/p>\n<h4>La soci\u00e9t\u00e9 SmartEmbed est sp\u00e9cialis\u00e9e dans la conception, le d\u00e9veloppement et la fabrication de syst\u00e8mes embarqu\u00e9s pour le secteur industriel et tertiaire.<\/h4>\n<h4>La soci\u00e9t\u00e9 d\u00e9veloppe et commercialise des produits connect\u00e9s de r\u00e9duction de la consommation d&rsquo;eau et d&rsquo;\u00e9nergie pour les douches.<\/h4>\n<p>[\/vc_column_text][\/vc_column][\/vc_row][vc_row row_type=\u00a0\u00bbrow\u00a0\u00bb use_row_as_full_screen_section=\u00a0\u00bbno\u00a0\u00bb type=\u00a0\u00bbgrid\u00a0\u00bb angled_section=\u00a0\u00bbno\u00a0\u00bb text_align=\u00a0\u00bbleft\u00a0\u00bb background_image_as_pattern=\u00a0\u00bbwithout_pattern\u00a0\u00bb background_color=\u00a0\u00bb#ffffff\u00a0\u00bb padding_bottom=\u00a0\u00bb150&Prime; css_animation=\u00a0\u00bb\u00a0\u00bb][vc_column width=\u00a0\u00bb1\/3&Prime;][vc_single_image image=\u00a0\u00bb16257&Prime; img_size=\u00a0\u00bbfull\u00a0\u00bb alignment=\u00a0\u00bbcenter\u00a0\u00bb qode_css_animation=\u00a0\u00bbelement_from_fade\u00a0\u00bb transition_delay=\u00a0\u00bb0.3&Prime;][vc_separator type=\u00a0\u00bbtransparent\u00a0\u00bb up=\u00a0\u00bb40&Prime; down=\u00a0\u00bb0&Prime;]<div class='q_icon_with_title tiny normal_icon center'><div class=\"icon_holder \" style=\"margin: 0 0 20px 0; \"><span data-icon-type=\"normal\"  data-icon-hover-color=\"#222222\" style=\"font-size: 23px;\" class=\"qode_iwt_icon_holder q_font_awsome_icon fa-lg \"><span aria-hidden=\"true\" class=\"qode_icon_font_elegant icon_tool qode_iwt_icon_element\" style=\"color: #c9c9c9;\" ><\/span><\/span><\/div><div class=\"icon_text_holder\" style=\"\"><div class=\"icon_text_inner\" style=\"\"><h5 class=\"icon_title\" style=\"color: #222222;\">Savoir-Faire<\/h5><p style='color: #8d8d8d'>SmartEmbed poss\u00e8de de nombreuses comp\u00e9tences relatives aux nouvelles technologies et les met en oeuvre pour cr\u00e9er des objets connect\u00e9s toujours plus intelligents.<\/p><\/div><\/div><\/div>[\/vc_column][vc_column width=\u00a0\u00bb1\/3&Prime;][vc_single_image image=\u00a0\u00bb16261&Prime; img_size=\u00a0\u00bbfull\u00a0\u00bb alignment=\u00a0\u00bbcenter\u00a0\u00bb qode_css_animation=\u00a0\u00bbelement_from_fade\u00a0\u00bb transition_delay=\u00a0\u00bb0.6&Prime;][vc_separator type=\u00a0\u00bbtransparent\u00a0\u00bb up=\u00a0\u00bb40&Prime; down=\u00a0\u00bb0&Prime;]<div class='q_icon_with_title tiny normal_icon center'><div class=\"icon_holder \" style=\"margin: 0 0 20px 0; \"><span data-icon-type=\"normal\"  data-icon-hover-color=\"#222222\" style=\"font-size: 23px;\" class=\"qode_iwt_icon_holder q_font_awsome_icon fa-lg \"><span aria-hidden=\"true\" class=\"qode_icon_font_elegant icon_lightbulb qode_iwt_icon_element\" style=\"color: #c9c9c9;\" ><\/span><\/span><\/div><div class=\"icon_text_holder\" style=\"\"><div class=\"icon_text_inner\" style=\"\"><h5 class=\"icon_title\" style=\"color: #222222;\">Innovation<\/h5><p style='color: #8d8d8d'>La force de SmartEmbed c'est aussi d'\u00eatre toujours \u00e0 la recherche de nouvelles id\u00e9es. Cr\u00e9er des solutions innovantes et in\u00e9dites est toujours une priorit\u00e9.<\/p><\/div><\/div><\/div>[\/vc_column][vc_column width=\u00a0\u00bb1\/3&Prime;][vc_single_image image=\u00a0\u00bb16259&Prime; img_size=\u00a0\u00bbfull\u00a0\u00bb alignment=\u00a0\u00bbcenter\u00a0\u00bb qode_css_animation=\u00a0\u00bbelement_from_fade\u00a0\u00bb transition_delay=\u00a0\u00bb0.9&Prime;][vc_separator type=\u00a0\u00bbtransparent\u00a0\u00bb up=\u00a0\u00bb40&Prime; down=\u00a0\u00bb0&Prime;]<div class='q_icon_with_title tiny normal_icon center'><div class=\"icon_holder \" style=\"margin: 0 0 20px 0; \"><span data-icon-type=\"normal\"  data-icon-hover-color=\"#222222\" style=\"font-size: 23px;\" class=\"qode_iwt_icon_holder q_font_awsome_icon fa-lg \"><span aria-hidden=\"true\" class=\"qode_icon_font_elegant social_rss qode_iwt_icon_element\" style=\"color: #c9c9c9;\" ><\/span><\/span><\/div><div class=\"icon_text_holder\" style=\"\"><div class=\"icon_text_inner\" style=\"\"><h5 class=\"icon_title\" style=\"color: #222222;\">Objets connect\u00e9s<\/h5><p style='color: #8d8d8d'>Le monde de demain sera connect\u00e9 et SmartEmbed \u00e9volue dans cette direction. Ces cr\u00e9ations apportent des solutions pratiques et faciles d'utilisation.<\/p><\/div><\/div><\/div>[\/vc_column][\/vc_row][vc_row row_type=\u00a0\u00bbparallax\u00a0\u00bb parallax_content_width=\u00a0\u00bbin_grid\u00a0\u00bb anchor=\u00a0\u00bbproduits\u00a0\u00bb text_align=\u00a0\u00bbcenter\u00a0\u00bb background_image=\u00a0\u00bb16328&Prime; full_screen_section_height=\u00a0\u00bbno\u00a0\u00bb el_id=\u00a0\u00bbproduits\u00a0\u00bb css=\u00a0\u00bb.vc_custom_1479309163418{padding-top: 150px !important;padding-bottom: 150px !important;}\u00a0\u00bb][vc_column css=\u00a0\u00bb.vc_custom_1479307804841{padding-top: 100px !important;padding-bottom: 100px !important;background-position: center !important;background-repeat: no-repeat !important;background-size: cover !important;}\u00a0\u00bb][vc_column_text]<\/p>\n<h3><span style=\"color: #333333;\">Produits<\/span><\/h3>\n<p>[\/vc_column_text][vc_separator type=\u00a0\u00bbsmall\u00a0\u00bb position=\u00a0\u00bbcenter\u00a0\u00bb color=\u00a0\u00bb#333333&Prime; thickness=\u00a0\u00bb3&Prime; width=\u00a0\u00bb50&Prime; up=\u00a0\u00bb50&Prime; down=\u00a0\u00bb100&Prime;][vc_separator type=\u00a0\u00bbtransparent\u00a0\u00bb up=\u00a0\u00bb50&Prime; down=\u00a0\u00bb0&Prime;]<div class='projects_holder_outer v4 portfolio_with_space portfolio_standard  masonry_with_space masonry_with_space_only_image'><div class='filter_outer'><div class='filter_holder'>\r\n\t\t\t\t\t\t<ul>\r\n\t\t\t\t\t\t<li class='filter' data-filter='*'><span>Tous<\/span><\/li><\/ul><\/div><\/div><div class='projects_holder portfolio_main_holder clearfix v4 standard portfolio_full_image portfolio_one_by_one'>\n<article class='mix portfolio_category_243 portfolio_category_246 ' style='padding: 0 5px;margin-bottom: 10px !important;'><div class=\"item_holder image_text_zoom_hover\"><div class=\"text_holder\"><div class=\"text_holder_outer\"><div class=\"text_holder_inner\"><h5 class=\"portfolio_title\"><a href=\"https:\/\/www.smartembed.io\/?portfolio_page=eddo\" >eddo.camp &#8211; Le minuteur de douche connect\u00e9<\/a><\/h5><div class=\"icons_holder\"><a data-type=\"icon\" href=\"#\" class=\"qode-like\" id=\"qode-like-16269\" title=\"Like this\"><\/a><\/div><\/div><\/div><\/div><div  class=\"portfolio_shader\"><\/div><div class=\"image_holder\"><span class=\"image\"><img width=\"251\" height=\"178\" src=\"https:\/\/www.smartembed.io\/wp-content\/uploads\/2016\/11\/logo-eddo-camp-251x178-1.jpg\" class=\"attachment-portfolio_masonry_with_space size-portfolio_masonry_with_space wp-post-image\" alt=\"Logo eddo.camp\" loading=\"lazy\" \/><\/span><\/div><\/div><\/article>\n<article class='mix portfolio_category_243 portfolio_category_246 ' style='padding: 0 5px;margin-bottom: 10px !important;'><div class=\"item_holder image_text_zoom_hover\"><div class=\"text_holder\"><div class=\"text_holder_outer\"><div class=\"text_holder_inner\"><h5 class=\"portfolio_title\"><a href=\"https:\/\/www.smartembed.io\/?portfolio_page=eddo-drop\" >eddo.drop &#8211; Commande de douche connect\u00e9e<\/a><\/h5><div class=\"icons_holder\"><a data-type=\"icon\" href=\"#\" class=\"qode-like\" id=\"qode-like-16437\" title=\"Like this\"><\/a><\/div><\/div><\/div><\/div><div  class=\"portfolio_shader\"><\/div><div class=\"image_holder\"><span class=\"image\"><img width=\"251\" height=\"178\" src=\"https:\/\/www.smartembed.io\/wp-content\/uploads\/2016\/11\/logo-eddo-drop-251x178-1.jpg\" class=\"attachment-portfolio_masonry_with_space size-portfolio_masonry_with_space wp-post-image\" alt=\"Logo eddo.drop\" loading=\"lazy\" \/><\/span><\/div><\/div><\/article>\n<article class='mix portfolio_category_243 portfolio_category_246 ' style='padding: 0 5px;margin-bottom: 10px !important;'><div class=\"item_holder image_text_zoom_hover\"><div class=\"text_holder\"><div class=\"text_holder_outer\"><div class=\"text_holder_inner\"><h5 class=\"portfolio_title\"><a href=\"https:\/\/www.smartembed.io\/?portfolio_page=eddo-leak-ne-passez-plus-a-cote-des-fuites-deau\" >eddo.leak &#8211; Ne passez plus \u00e0 c\u00f4t\u00e9 des fuites d&rsquo;eau!<\/a><\/h5><div class=\"icons_holder\"><a data-type=\"icon\" href=\"#\" class=\"qode-like\" id=\"qode-like-16547\" title=\"Like this\"><\/a><\/div><\/div><\/div><\/div><div  class=\"portfolio_shader\"><\/div><div class=\"image_holder\"><span class=\"image\"><img width=\"251\" height=\"178\" src=\"https:\/\/www.smartembed.io\/wp-content\/uploads\/2016\/11\/logo-eddo-leak-251x178-1.jpg\" class=\"attachment-portfolio_masonry_with_space size-portfolio_masonry_with_space wp-post-image\" alt=\"Logo eddo.leak\" loading=\"lazy\" \/><\/span><\/div><\/div><\/article>\n<article class='mix portfolio_category_243 portfolio_category_246 ' style='padding: 0 5px;margin-bottom: 10px !important;'><div class=\"item_holder image_text_zoom_hover\"><div class=\"text_holder\"><div class=\"text_holder_outer\"><div class=\"text_holder_inner\"><h5 class=\"portfolio_title\"><a href=\"https:\/\/www.smartembed.io\/?portfolio_page=eddo-pool-la-solution-qui-rend-la-douche-obligatoire\" >eddo.pool &#8211; La solution qui rend la douche obligatoire<\/a><\/h5><div class=\"icons_holder\"><a data-type=\"icon\" href=\"#\" class=\"qode-like\" id=\"qode-like-16550\" title=\"Like this\"><\/a><\/div><\/div><\/div><\/div><div  class=\"portfolio_shader\"><\/div><div class=\"image_holder\"><span class=\"image\"><img width=\"251\" height=\"178\" src=\"https:\/\/www.smartembed.io\/wp-content\/uploads\/2016\/11\/logo-eddo-pool-251x178-1.jpg\" class=\"attachment-portfolio_masonry_with_space size-portfolio_masonry_with_space wp-post-image\" alt=\"Logo eddo.pool\" loading=\"lazy\" \/><\/span><\/div><\/div><\/article>\n<div class='filler'><\/div>\n<div class='filler'><\/div>\n<div class='filler'><\/div>\n<div class='filler'><\/div>\n<\/div><\/div>[\/vc_column][\/vc_row][vc_row row_type=\u00a0\u00bbrow\u00a0\u00bb use_row_as_full_screen_section=\u00a0\u00bbno\u00a0\u00bb type=\u00a0\u00bbgrid\u00a0\u00bb anchor=\u00a0\u00bbequipe\u00a0\u00bb angled_section=\u00a0\u00bbno\u00a0\u00bb text_align=\u00a0\u00bbcenter\u00a0\u00bb background_image_as_pattern=\u00a0\u00bbwithout_pattern\u00a0\u00bb background_color=\u00a0\u00bb#f9f9f9&Prime; padding_top=\u00a0\u00bb95&Prime; css_animation=\u00a0\u00bb\u00a0\u00bb el_id=\u00a0\u00bbequipe\u00a0\u00bb][vc_column][vc_column_text]<\/p>\n<h3>\u00c9quipe<\/h3>\n<p>[\/vc_column_text][vc_separator type=\u00a0\u00bbsmall\u00a0\u00bb position=\u00a0\u00bbcenter\u00a0\u00bb color=\u00a0\u00bb#333333&Prime; thickness=\u00a0\u00bb3&Prime; width=\u00a0\u00bb50&Prime; up=\u00a0\u00bb50&Prime; down=\u00a0\u00bb100&Prime;][vc_separator type=\u00a0\u00bbtransparent\u00a0\u00bb up=\u00a0\u00bb20&Prime; down=\u00a0\u00bb0&Prime;][vc_column_text]<\/p>\n<h4>Mais qui est SmartEmbed ?<\/h4>\n<p>[\/vc_column_text][vc_separator type=\u00a0\u00bbtransparent\u00a0\u00bb up=\u00a0\u00bb65&Prime; down=\u00a0\u00bb0&Prime;][vc_row_inner row_type=\u00a0\u00bbrow\u00a0\u00bb type=\u00a0\u00bbfull_width\u00a0\u00bb text_align=\u00a0\u00bbcenter\u00a0\u00bb padding_bottom=\u00a0\u00bb60&Prime; css_animation=\u00a0\u00bb\u00a0\u00bb][vc_column_inner width=\u00a0\u00bb1\/6&Prime;][vc_single_image image=\u00a0\u00bb16370&Prime; img_size=\u00a0\u00bb150&#215;150&Prime; alignment=\u00a0\u00bbcenter\u00a0\u00bb qode_css_animation=\u00a0\u00bbelement_from_fade\u00a0\u00bb transition_delay=\u00a0\u00bb0.3&Prime;][vc_separator type=\u00a0\u00bbtransparent\u00a0\u00bb up=\u00a0\u00bb30&Prime; down=\u00a0\u00bb0&Prime;][vc_column_text]<\/p>\n<h5>T\u00e9rence Huertas<\/h5>\n<p>Pr\u00e9sident \/ Fondateur[\/vc_column_text][vc_separator type=\u00a0\u00bbtransparent\u00a0\u00bb up=\u00a0\u00bb30&Prime; down=\u00a0\u00bb0&Prime;][\/vc_column_inner][vc_column_inner width=\u00a0\u00bb1\/6&Prime;][vc_single_image image=\u00a0\u00bb16432&Prime; img_size=\u00a0\u00bb150&#215;150&Prime; alignment=\u00a0\u00bbcenter\u00a0\u00bb qode_css_animation=\u00a0\u00bbelement_from_fade\u00a0\u00bb transition_delay=\u00a0\u00bb0.3&Prime;]<span style=\"font-size: inherit;\">[vc_separator type=\u00a0\u00bbtransparent\u00a0\u00bb up=\u00a0\u00bb30&Prime; down=\u00a0\u00bb0&Prime;][vc_column_text]<\/span><\/p>\n<h5>Emmanuel Agnel<\/h5>\n<p>Directeur technique[\/vc_column_text][vc_separator type=\u00a0\u00bbtransparent\u00a0\u00bb up=\u00a0\u00bb30&Prime; down=\u00a0\u00bb0&Prime;][\/vc_column_inner][vc_column_inner width=\u00a0\u00bb1\/6&Prime;][vc_single_image image=\u00a0\u00bb16475&Prime; img_size=\u00a0\u00bb150&#215;150&Prime; alignment=\u00a0\u00bbcenter\u00a0\u00bb qode_css_animation=\u00a0\u00bbelement_from_fade\u00a0\u00bb transition_delay=\u00a0\u00bb0.3&Prime;][vc_separator type=\u00a0\u00bbtransparent\u00a0\u00bb up=\u00a0\u00bb30&Prime; down=\u00a0\u00bb0&Prime;][vc_column_text]<\/p>\n<h5>Benjamin Greffe<\/h5>\n<p>Ing\u00e9nieur logiciel embarqu\u00e9[\/vc_column_text][vc_separator type=\u00a0\u00bbtransparent\u00a0\u00bb up=\u00a0\u00bb30&Prime; down=\u00a0\u00bb0&Prime;][\/vc_column_inner][vc_column_inner width=\u00a0\u00bb1\/6&Prime;][vc_single_image image=\u00a0\u00bb16464&Prime; img_size=\u00a0\u00bb150&#215;150&Prime; alignment=\u00a0\u00bbcenter\u00a0\u00bb qode_css_animation=\u00a0\u00bbelement_from_fade\u00a0\u00bb transition_delay=\u00a0\u00bb0.3&Prime;][vc_separator type=\u00a0\u00bbtransparent\u00a0\u00bb up=\u00a0\u00bb30&Prime; down=\u00a0\u00bb0&Prime;][vc_column_text]<\/p>\n<h5>Sophie Sidenius<\/h5>\n<p>Attach\u00e9e de direction[\/vc_column_text][vc_separator type=\u00a0\u00bbtransparent\u00a0\u00bb up=\u00a0\u00bb30&Prime; down=\u00a0\u00bb0&Prime;][\/vc_column_inner][vc_column_inner width=\u00a0\u00bb1\/6&Prime;][vc_single_image image=\u00a0\u00bb16518&Prime; img_size=\u00a0\u00bb150&#215;150&Prime; alignment=\u00a0\u00bbcenter\u00a0\u00bb qode_css_animation=\u00a0\u00bbelement_from_fade\u00a0\u00bb transition_delay=\u00a0\u00bb0.3&Prime;][vc_separator type=\u00a0\u00bbtransparent\u00a0\u00bb up=\u00a0\u00bb30&Prime; down=\u00a0\u00bb0&Prime;][vc_column_text]<\/p>\n<h5>Pierre SCHMITT<\/h5>\n<p>Business Developer[\/vc_column_text][vc_separator type=\u00a0\u00bbtransparent\u00a0\u00bb up=\u00a0\u00bb30&Prime; down=\u00a0\u00bb0&Prime;][\/vc_column_inner][\/vc_row_inner][\/vc_column][\/vc_row][vc_row row_type=\u00a0\u00bbrow\u00a0\u00bb use_row_as_full_screen_section=\u00a0\u00bbno\u00a0\u00bb type=\u00a0\u00bbfull_width\u00a0\u00bb angled_section=\u00a0\u00bbno\u00a0\u00bb text_align=\u00a0\u00bbcenter\u00a0\u00bb background_image_as_pattern=\u00a0\u00bbwithout_pattern\u00a0\u00bb css_animation=\u00a0\u00bb\u00a0\u00bb css=\u00a0\u00bb.vc_custom_1524921607335{padding-right: 100px !important;padding-left: 100px !important;background-color: #ffffff !important;}\u00a0\u00bb el_id=\u00a0\u00bbpartenaires\u00a0\u00bb][vc_column][vc_separator type=\u00a0\u00bbtransparent\u00a0\u00bb up=\u00a0\u00bb70&Prime; down=\u00a0\u00bb0&Prime;][vc_column_text]<\/p>\n<h3>Nos partenaires<\/h3>\n<p>[\/vc_column_text][vc_separator type=\u00a0\u00bbsmall\u00a0\u00bb position=\u00a0\u00bbcenter\u00a0\u00bb color=\u00a0\u00bb#333333&Prime; thickness=\u00a0\u00bb3&Prime; width=\u00a0\u00bb50&Prime; up=\u00a0\u00bb50&Prime; down=\u00a0\u00bb100&Prime;][vc_gallery type=\u00a0\u00bbimage_grid\u00a0\u00bb images=\u00a0\u00bb16408,16407,16406,16405,16404,16403,16402,16401,16400,16399,16398,16397,16490&Prime; img_size=\u00a0\u00bb256&#215;200&Prime; onclick=\u00a0\u00bb\u00a0\u00bb column_number=\u00a0\u00bb5&Prime; grayscale=\u00a0\u00bbno\u00a0\u00bb images_space=\u00a0\u00bbgallery_with_space\u00a0\u00bb][vc_separator type=\u00a0\u00bbtransparent\u00a0\u00bb up=\u00a0\u00bb33&Prime; down=\u00a0\u00bb0&Prime;][\/vc_column][\/vc_row][vc_row row_type=\u00a0\u00bbrow\u00a0\u00bb use_row_as_full_screen_section=\u00a0\u00bbno\u00a0\u00bb type=\u00a0\u00bbgrid\u00a0\u00bb anchor=\u00a0\u00bbcontact\u00a0\u00bb angled_section=\u00a0\u00bbno\u00a0\u00bb text_align=\u00a0\u00bbcenter\u00a0\u00bb background_image_as_pattern=\u00a0\u00bbwithout_pattern\u00a0\u00bb background_color=\u00a0\u00bb#f9f9f9&Prime; padding_top=\u00a0\u00bb85&Prime; padding_bottom=\u00a0\u00bb80&Prime; css_animation=\u00a0\u00bb\u00a0\u00bb el_id=\u00a0\u00bbcontact\u00a0\u00bb][vc_column][vc_column_text]<\/p>\n<h3>Ils nous soutiennent<\/h3>\n<p>[\/vc_column_text][vc_separator type=\u00a0\u00bbsmall\u00a0\u00bb position=\u00a0\u00bbcenter\u00a0\u00bb color=\u00a0\u00bb#333333&Prime; thickness=\u00a0\u00bb3&Prime; width=\u00a0\u00bb50&Prime; up=\u00a0\u00bb50&Prime; down=\u00a0\u00bb100&Prime;]<\/p>\n<p><a href=\"https:\/\/www.regionsudinvestissement.com\"><img loading=\"lazy\" class=\"alignleft wp-image-16534 size-medium\" src=\"http:\/\/www.smartembed.io\/wp-content\/uploads\/2022\/03\/RVB_RSI_LOGO_HORIZONTAL_LIGHT-300x91.jpg\" alt=\"Region Sud Investissement\" width=\"300\" height=\"91\" \/><\/a><\/p>\n<h3><a href=\"https:\/\/www.europe.maregionsud.fr\"><img loading=\"lazy\" class=\"alignleft wp-image-16533 size-medium\" src=\"http:\/\/www.smartembed.io\/wp-content\/uploads\/2022\/03\/Logo-UE-R\u201agion-300x106.png\" alt=\"Logo UE-Region\" width=\"300\" height=\"106\" srcset=\"https:\/\/www.smartembed.io\/wp-content\/uploads\/2022\/03\/Logo-UE-R\u201agion-300x106.png 300w, https:\/\/www.smartembed.io\/wp-content\/uploads\/2022\/03\/Logo-UE-R\u201agion-1024x361.png 1024w, https:\/\/www.smartembed.io\/wp-content\/uploads\/2022\/03\/Logo-UE-R\u201agion-768x271.png 768w, https:\/\/www.smartembed.io\/wp-content\/uploads\/2022\/03\/Logo-UE-R\u201agion-700x247.png 700w, https:\/\/www.smartembed.io\/wp-content\/uploads\/2022\/03\/Logo-UE-R\u201agion.png 1410w\" sizes=\"(max-width: 300px) 100vw, 300px\" \/><\/a><\/h3>\n<h3><\/h3>\n<p>[vc_separator type=\u00a0\u00bbtransparent\u00a0\u00bb up=\u00a0\u00bb33&Prime; down=\u00a0\u00bb0&Prime;][\/vc_column][\/vc_row][vc_row row_type=\u00a0\u00bbrow\u00a0\u00bb use_row_as_full_screen_section=\u00a0\u00bbno\u00a0\u00bb type=\u00a0\u00bbgrid\u00a0\u00bb anchor=\u00a0\u00bbcontact\u00a0\u00bb angled_section=\u00a0\u00bbno\u00a0\u00bb text_align=\u00a0\u00bbcenter\u00a0\u00bb background_image_as_pattern=\u00a0\u00bbwithout_pattern\u00a0\u00bb background_color=\u00a0\u00bb#f9f9f9&Prime; padding_top=\u00a0\u00bb85&Prime; padding_bottom=\u00a0\u00bb80&Prime; css_animation=\u00a0\u00bb\u00a0\u00bb el_id=\u00a0\u00bbcontact\u00a0\u00bb][vc_column][vc_column_text]<\/p>\n<h3>CONTACTEZ-NOUS<\/h3>\n<p>[\/vc_column_text][vc_separator type=\u00a0\u00bbsmall\u00a0\u00bb position=\u00a0\u00bbcenter\u00a0\u00bb color=\u00a0\u00bb#333333&Prime; thickness=\u00a0\u00bb3&Prime; width=\u00a0\u00bb50&Prime; up=\u00a0\u00bb50&Prime; down=\u00a0\u00bb50&Prime;][vc_separator type=\u00a0\u00bbtransparent\u00a0\u00bb up=\u00a0\u00bb24&Prime; down=\u00a0\u00bb0&Prime;][vc_column_text]<\/p>\n<h6><strong>Num\u00e9ro de t\u00e9l\u00e9phone :<\/strong> 04 84 49 27 59<\/h6>\n<h6><strong>Adresse postale : <\/strong>Domaine du Petit Arbois B\u00e2timent de l&rsquo;Horloge<\/h6>\n<h6>Avenue Louis Philibert BP80058 13792 Aix en Provence<\/h6>\n<p>[\/vc_column_text][vc_separator type=\u00a0\u00bbsmall\u00a0\u00bb position=\u00a0\u00bbcenter\u00a0\u00bb color=\u00a0\u00bb#333333&Prime; thickness=\u00a0\u00bb3&Prime; width=\u00a0\u00bb50&Prime; up=\u00a0\u00bb50&Prime; down=\u00a0\u00bb50&Prime;][vc_separator type=\u00a0\u00bbtransparent\u00a0\u00bb up=\u00a0\u00bb24&Prime; down=\u00a0\u00bb0&Prime;][vc_column_text]<\/p>\n<h4>Si vous souhaitez nous contacter veuillez remplir le formulaire ci-dessous<\/h4>\n<p>[\/vc_column_text][vc_separator type=\u00a0\u00bbtransparent\u00a0\u00bb up=\u00a0\u00bb60&Prime; down=\u00a0\u00bb0&Prime;]<div role=\"form\" class=\"wpcf7\" id=\"wpcf7-f401-o1\" lang=\"fr-FR\" dir=\"ltr\">\n<div class=\"screen-reader-response\"><p role=\"status\" aria-live=\"polite\" aria-atomic=\"true\"><\/p> <ul><\/ul><\/div>\n<form action=\"\/index.php?rest_route=%2Fwp%2Fv2%2Fpages%2F15250#wpcf7-f401-o1\" method=\"post\" class=\"wpcf7-form init cf7_custom_style_1\" novalidate=\"novalidate\" data-status=\"init\">\n<div style=\"display: none;\">\n<input type=\"hidden\" name=\"_wpcf7\" value=\"401\" \/>\n<input type=\"hidden\" name=\"_wpcf7_version\" value=\"5.6.4\" \/>\n<input type=\"hidden\" name=\"_wpcf7_locale\" value=\"fr_FR\" \/>\n<input type=\"hidden\" name=\"_wpcf7_unit_tag\" value=\"wpcf7-f401-o1\" \/>\n<input type=\"hidden\" name=\"_wpcf7_container_post\" value=\"0\" \/>\n<input type=\"hidden\" name=\"_wpcf7_posted_data_hash\" value=\"\" \/>\n<\/div>\n<p><label> Votre nom (obligatoire)<br \/>\n    <span class=\"wpcf7-form-control-wrap\" data-name=\"your-name\"><input type=\"text\" name=\"your-name\" value=\"\" size=\"40\" class=\"wpcf7-form-control wpcf7-text wpcf7-validates-as-required\" aria-required=\"true\" aria-invalid=\"false\" \/><\/span> <\/label><\/p>\n<p><label> Votre e-mail (obligatoire)<br \/>\n    <span class=\"wpcf7-form-control-wrap\" data-name=\"your-email\"><input type=\"email\" name=\"your-email\" value=\"\" size=\"40\" class=\"wpcf7-form-control wpcf7-text wpcf7-email wpcf7-validates-as-required wpcf7-validates-as-email\" aria-required=\"true\" aria-invalid=\"false\" \/><\/span> <\/label><\/p>\n<p><label> Votre num\u00e9ro de t\u00e9l\u00e9phone (obligatoire)<br \/>\n    <span class=\"wpcf7-form-control-wrap\" data-name=\"your-number\"><input type=\"text\" name=\"your-number\" value=\"\" size=\"40\" class=\"wpcf7-form-control wpcf7-text wpcf7-validates-as-required\" aria-required=\"true\" aria-invalid=\"false\" \/><\/span> <\/label><\/p>\n<p><label> Sujet<br \/>\n    <span class=\"wpcf7-form-control-wrap\" data-name=\"your-subject\"><input type=\"text\" name=\"your-subject\" value=\"\" size=\"40\" class=\"wpcf7-form-control wpcf7-text\" aria-invalid=\"false\" \/><\/span> <\/label><\/p>\n<p><label> Votre message<br \/>\n    <span class=\"wpcf7-form-control-wrap\" data-name=\"your-message\"><textarea name=\"your-message\" cols=\"40\" rows=\"10\" class=\"wpcf7-form-control wpcf7-textarea\" aria-invalid=\"false\"><\/textarea><\/span> <\/label><\/p>\n<p><input type=\"submit\" value=\"Envoyer\" class=\"wpcf7-form-control has-spinner wpcf7-submit\" \/><\/p>\n<input\n                    class=\"apbct_special_field apbct_email_id__wp_contact_form_7\"\n                    name=\"apbct__email_id__wp_contact_form_7\"\n                    aria-label=\"apbct__label_id__wp_contact_form_7\"\n                    type=\"text\" size=\"30\" maxlength=\"200\" autocomplete=\"off\"\n                    value=\"\"\n                \/><div class=\"wpcf7-response-output\" aria-hidden=\"true\"><\/div><\/form><\/div>[\/vc_column][\/vc_row][vc_row row_type=\u00a0\u00bbrow\u00a0\u00bb use_row_as_full_screen_section=\u00a0\u00bbno\u00a0\u00bb type=\u00a0\u00bbfull_width\u00a0\u00bb angled_section=\u00a0\u00bbno\u00a0\u00bb text_align=\u00a0\u00bbleft\u00a0\u00bb background_image_as_pattern=\u00a0\u00bbwithout_pattern\u00a0\u00bb css_animation=\u00a0\u00bb\u00a0\u00bb][vc_column][vc_gmaps link=\u00a0\u00bb#E-8_JTNDaWZyYW1lJTIwZnJhbWVib3JkZXIlM0QlMjIwJTIyJTIwbWFyZ2luaGVpZ2h0JTNEJTIyMCUyMiUyMG1hcmdpbndpZHRoJTNEJTIyMCUyMiUyMHdpZHRoJTNEJTIyMTAwJTI1JTIyJTIwaGVpZ2h0JTNEJTIyNDQwJTIyJTIwc3JjJTNEJTIyaHR0cHMlM0ElMkYlMkZtYXBzLmdvb2dsZS5jb20lMkZtYXBzJTNGaGwlM0RmciUyNnElM0RDRUVJJTIwUHJvdmVuY2UlMkMlMjBBdmVudWUlMjBMb3VpcyUyMFBoaWxpYmVydCUyQyUyMEFpeC1lbi1Qcm92ZW5jZSUyNmllJTNEVVRGOCUyNnQlM0RtJTI2eiUzRDExJTI2aXdsb2MlM0RCJTI2b3V0cHV0JTNEZW1iZWQlMjIlM0UlMEElMjAlMjAlMjAlMjAlM0NkaXYlM0UlM0NzbWFsbCUzRSUzQ2ElMjBocmVmJTNEJTIyaHR0cCUzQSUyRiUyRmVtYmVkZ29vZ2xlbWFwcy5jb20lMjIlM0UlMjBnb29nbGUlMjBtYXBzJTIwY2FydGUlMjAlM0MlMkZhJTNFJTNDJTJGc21hbGwlM0UlM0MlMkZkaXYlM0UlMEElMjAlMjAlM0MlMkZpZnJhbWUlM0U=\u00a0\u00bb size=\u00a0\u00bb460&Prime;][\/vc_column][\/vc_row]<\/p>\n","protected":false},"excerpt":{"rendered":"<p>[vc_row row_type=\u00a0\u00bbrow\u00a0\u00bb use_row_as_full_screen_section=\u00a0\u00bbno\u00a0\u00bb type=\u00a0\u00bbfull_width\u00a0\u00bb anchor=\u00a0\u00bbaccueil\u00a0\u00bb angled_section=\u00a0\u00bbno\u00a0\u00bb text_align=\u00a0\u00bbcenter\u00a0\u00bb background_image_as_pattern=\u00a0\u00bbwithout_pattern\u00a0\u00bb background_color=\u00a0\u00bb#ffffff\u00a0\u00bb padding_top=\u00a0\u00bb140&Prime; padding_bottom=\u00a0\u00bb100&Prime; css_animation=\u00a0\u00bb\u00a0\u00bb el_id=\u00a0\u00bbaccueil\u00a0\u00bb][vc_column offset=\u00a0\u00bbvc_col-lg-offset-3 vc_col-lg-6 vc_col-md-offset-3 vc_col-md-6 vc_col-sm-offset-3 vc_col-xs-offset-2 vc_col-xs-8&Prime;][vc_column_text] Bienvenue [\/vc_column_text][vc_separator type=\u00a0\u00bbtransparent\u00a0\u00bb up=\u00a0\u00bb25&Prime; down=\u00a0\u00bb0&Prime;][vc_column_text] La soci\u00e9t\u00e9 SmartEmbed est sp\u00e9cialis\u00e9e dans la conception, le d\u00e9veloppement et la fabrication de syst\u00e8mes embarqu\u00e9s pour le secteur industriel&#8230;<\/p>\n","protected":false},"author":1,"featured_media":0,"parent":0,"menu_order":0,"comment_status":"open","ping_status":"open","template":"full_width.php","meta":[],"_links":{"self":[{"href":"https:\/\/www.smartembed.io\/index.php?rest_route=\/wp\/v2\/pages\/15250"}],"collection":[{"href":"https:\/\/www.smartembed.io\/index.php?rest_route=\/wp\/v2\/pages"}],"about":[{"href":"https:\/\/www.smartembed.io\/index.php?rest_route=\/wp\/v2\/types\/page"}],"author":[{"embeddable":true,"href":"https:\/\/www.smartembed.io\/index.php?rest_route=\/wp\/v2\/users\/1"}],"replies":[{"embeddable":true,"href":"https:\/\/www.smartembed.io\/index.php?rest_route=%2Fwp%2Fv2%2Fcomments&post=15250"}],"version-history":[{"count":132,"href":"https:\/\/www.smartembed.io\/index.php?rest_route=\/wp\/v2\/pages\/15250\/revisions"}],"predecessor-version":[{"id":16552,"href":"https:\/\/www.smartembed.io\/index.php?rest_route=\/wp\/v2\/pages\/15250\/revisions\/16552"}],"wp:attachment":[{"href":"https:\/\/www.smartembed.io\/index.php?rest_route=%2Fwp%2Fv2%2Fmedia&parent=15250"}],"curies":[{"name":"wp","href":"https:\/\/api.w.org\/{rel}","templated":true}]}}